{"id":53,"date":"2024-01-10T12:51:03","date_gmt":"2024-01-10T10:51:03","guid":{"rendered":"https:\/\/manual-audacity.recursos.uoc.edu\/?page_id=53"},"modified":"2024-01-30T13:42:27","modified_gmt":"2024-01-30T11:42:27","slug":"1-2-instalacion-de-la-biblioteca-ffmpeg","status":"publish","type":"page","link":"https:\/\/manual-audacity.recursos.uoc.edu\/es\/1-2-instalacion-de-la-biblioteca-ffmpeg\/","title":{"rendered":"1.2. Instalaci\u00f3n de la biblioteca FFmpeg"},"content":{"rendered":"<p>Debido a restricciones de patentes, FFmpeg no se puede distribuir con Audacity. FFmpeg permite importar\/exportar formatos de archivos de audio adicionales hacia\/desde Audacity como M4A y WMA entre otros.<\/p>\n<p>En versiones anteriores de Audacity se requer\u00eda tambi\u00e9n LAME para exportar archivos MP3. Ahora se incluye con Audacity de forma predeterminada en Windows y macOS.<\/p>\n<p>En Windows y macOS pod\u00e9is descargar el instalador desde <a href=\"https:\/\/lame.buanzo.org\/ffmpeg.php\" target=\"_blank\" rel=\"noopener\">https:\/\/lame.buanzo.org\/ffmpeg.php<\/a>. En Linux generalmente se puede instalar FFmpeg a trav\u00e9s del administrador de paquetes.<\/p>\n<p>Una vez instalado, al reiniciar Audacity, este deber\u00eda detectar autom\u00e1ticamente FFmpeg y permitiros usarlo.<\/p>\n<p>En Editar&gt;Preferencias&gt;Bibliotecas se mostrar\u00e1 as\u00ed antes de instalar FFmpeg.<\/p>\n<figure id=\"attachment_55\" aria-describedby=\"caption-attachment-55\" style=\"width: 620px\" class=\"wp-caption alignnone\"><img loading=\"lazy\" decoding=\"async\" class=\"wp-image-55\" src=\"\/wp-content\/uploads\/2024\/01\/imagen-2.1.jpg\" alt=\"\" width=\"620\" height=\"384\" srcset=\"\/wp-content\/uploads\/2024\/01\/imagen-2.1.jpg 774w, \/wp-content\/uploads\/2024\/01\/imagen-2.1-300x186.jpg 300w, \/wp-content\/uploads\/2024\/01\/imagen-2.1-768x476.jpg 768w\" sizes=\"(max-width: 620px) 100vw, 620px\" \/><figcaption id=\"caption-attachment-55\" class=\"wp-caption-text\">Figura 1.1. Vista de las bibliotecas en preferencias.<br \/>Fuente: elaboraci\u00f3n propia.<\/figcaption><\/figure>\n<p>Despu\u00e9s de instalarlo en Editar&gt;Preferencias&gt;Bibliotecas se mostrar\u00e1 la versi\u00f3n de la biblioteca FFmpeg.<\/p>\n<figure id=\"attachment_57\" aria-describedby=\"caption-attachment-57\" style=\"width: 620px\" class=\"wp-caption alignnone\"><img loading=\"lazy\" decoding=\"async\" class=\"wp-image-57\" src=\"\/wp-content\/uploads\/2024\/01\/imagen-2.2.png\" alt=\"\" width=\"620\" height=\"382\" srcset=\"\/wp-content\/uploads\/2024\/01\/imagen-2.2.png 780w, \/wp-content\/uploads\/2024\/01\/imagen-2.2-300x185.png 300w, \/wp-content\/uploads\/2024\/01\/imagen-2.2-768x474.png 768w\" sizes=\"(max-width: 620px) 100vw, 620px\" \/><figcaption id=\"caption-attachment-57\" class=\"wp-caption-text\">Figura 1.2. Vista de las bibliotecas en preferencias al a\u00f1adir FFmpeg.<br \/>Fuente: elaboraci\u00f3n propia.<\/figcaption><\/figure>\n","protected":false},"excerpt":{"rendered":"<p>Debido a restricciones de patentes, FFmpeg no se puede distribuir con Audacity. FFmpeg permite importar\/exportar formatos de archivos de audio adicionales hacia\/desde Audacity como M4A y WMA entre otros. En versiones anteriores de Audacity se requer\u00eda tambi\u00e9n LAME para exportar archivos MP3. Ahora se incluye con Audacity de forma predeterminada en Windows y macOS. En [&hellip;]<\/p>\n","protected":false},"author":2,"featured_media":0,"parent":0,"menu_order":0,"comment_status":"closed","ping_status":"closed","template":"","meta":{"footnotes":""},"acf":[],"_links":{"self":[{"href":"https:\/\/manual-audacity.recursos.uoc.edu\/es\/wp-json\/wp\/v2\/pages\/53"}],"collection":[{"href":"https:\/\/manual-audacity.recursos.uoc.edu\/es\/wp-json\/wp\/v2\/pages"}],"about":[{"href":"https:\/\/manual-audacity.recursos.uoc.edu\/es\/wp-json\/wp\/v2\/types\/page"}],"author":[{"embeddable":true,"href":"https:\/\/manual-audacity.recursos.uoc.edu\/es\/wp-json\/wp\/v2\/users\/2"}],"replies":[{"embeddable":true,"href":"https:\/\/manual-audacity.recursos.uoc.edu\/es\/wp-json\/wp\/v2\/comments?post=53"}],"version-history":[{"count":4,"href":"https:\/\/manual-audacity.recursos.uoc.edu\/es\/wp-json\/wp\/v2\/pages\/53\/revisions"}],"predecessor-version":[{"id":495,"href":"https:\/\/manual-audacity.recursos.uoc.edu\/es\/wp-json\/wp\/v2\/pages\/53\/revisions\/495"}],"wp:attachment":[{"href":"https:\/\/manual-audacity.recursos.uoc.edu\/es\/wp-json\/wp\/v2\/media?parent=53"}],"curies":[{"name":"wp","href":"https:\/\/api.w.org\/{rel}","templated":true}]}}