{"id":362,"date":"2024-01-11T11:51:35","date_gmt":"2024-01-11T09:51:35","guid":{"rendered":"https:\/\/manual-audacity.recursos.uoc.edu\/?page_id=362"},"modified":"2024-01-30T13:09:46","modified_gmt":"2024-01-30T11:09:46","slug":"4-6-efectos-en-tiempo-real","status":"publish","type":"page","link":"https:\/\/manual-audacity.recursos.uoc.edu\/es\/4-6-efectos-en-tiempo-real\/","title":{"rendered":"4.6. Efectos en tiempo real"},"content":{"rendered":"<p>Audacity incluye solo unos pocos efectos en tiempo real, los formatos admitidos actualmente son Audio Units solo en macOS, VST3, VST, LV2 y LADSPA. Hay una recopilaci\u00f3n de complementos que funcionan en <a href=\"https:\/\/plugins.audacityteam.org\" target=\"_blank\" rel=\"noopener\">https:\/\/plugins.audacityteam.org<\/a>, pero\u00a0se pueden encontrar muchos m\u00e1s a trav\u00e9s de Internet.<\/p>\n<p>Para a\u00f1adir efectos en tiempo real haremos clic en el bot\u00f3n de efectos&gt;A\u00f1adir efecto.<\/p>\n<figure id=\"attachment_319\" aria-describedby=\"caption-attachment-319\" style=\"width: 400px\" class=\"wp-caption alignnone\"><img loading=\"lazy\" decoding=\"async\" class=\"wp-image-319\" src=\"\/wp-content\/uploads\/2024\/01\/imagen-5.17.png\" alt=\"\" width=\"400\" height=\"237\" srcset=\"\/wp-content\/uploads\/2024\/01\/imagen-5.17.png 347w, \/wp-content\/uploads\/2024\/01\/imagen-5.17-300x178.png 300w\" sizes=\"(max-width: 400px) 100vw, 400px\" \/><figcaption id=\"caption-attachment-319\" class=\"wp-caption-text\">Figura 4.17. Efectos en una pista.<br \/>Fuente: elaboraci\u00f3n propia.<\/figcaption><\/figure>\n<figure id=\"attachment_321\" aria-describedby=\"caption-attachment-321\" style=\"width: 691px\" class=\"wp-caption alignnone\"><img loading=\"lazy\" decoding=\"async\" class=\"wp-image-321\" src=\"\/wp-content\/uploads\/2024\/01\/imagen-5.18.png\" alt=\"\" width=\"691\" height=\"250\" srcset=\"\/wp-content\/uploads\/2024\/01\/imagen-5.18.png 567w, \/wp-content\/uploads\/2024\/01\/imagen-5.18-300x108.png 300w\" sizes=\"(max-width: 691px) 100vw, 691px\" \/><figcaption id=\"caption-attachment-321\" class=\"wp-caption-text\">Figura 4.18. A\u00f1adir efectos a una pista.<br \/>Fuente: elaboraci\u00f3n propia.<\/figcaption><\/figure>\n<p>Escogemos, por ejemplo, de Audacity el de \u00abGraves y agudos\u00bb.<\/p>\n<figure id=\"attachment_323\" aria-describedby=\"caption-attachment-323\" style=\"width: 574px\" class=\"wp-caption alignnone\"><img loading=\"lazy\" decoding=\"async\" class=\"wp-image-323\" src=\"\/wp-content\/uploads\/2024\/01\/imagen-5.19.png\" alt=\"\" width=\"574\" height=\"250\" srcset=\"\/wp-content\/uploads\/2024\/01\/imagen-5.19.png 526w, \/wp-content\/uploads\/2024\/01\/imagen-5.19-300x131.png 300w\" sizes=\"(max-width: 574px) 100vw, 574px\" \/><figcaption id=\"caption-attachment-323\" class=\"wp-caption-text\">Figura 4.19. Efectos de Audacity&gt;Graves y agudos.<br \/>Fuente: elaboraci\u00f3n propia.<\/figcaption><\/figure>\n<p>Mientras el bot\u00f3n del efecto est\u00e9 en azul, el efecto estar\u00e1 funcionando sobre el audio cuando se reproduzca con los valores que se establezcan. Los valores pueden ser variados mientras se reproduce y se aplicaran en tiempo real al sonido.<\/p>\n<figure id=\"attachment_325\" aria-describedby=\"caption-attachment-325\" style=\"width: 683px\" class=\"wp-caption alignnone\"><img loading=\"lazy\" decoding=\"async\" class=\"wp-image-325\" src=\"\/wp-content\/uploads\/2024\/01\/imagen-5.20.png\" alt=\"\" width=\"683\" height=\"300\" srcset=\"\/wp-content\/uploads\/2024\/01\/imagen-5.20.png 567w, \/wp-content\/uploads\/2024\/01\/imagen-5.20-300x132.png 300w\" sizes=\"(max-width: 683px) 100vw, 683px\" \/><figcaption id=\"caption-attachment-325\" class=\"wp-caption-text\">Figura 4.20. Configuraci\u00f3n del efecto \u00abGraves y agudos\u00bb.<br \/>Fuente: elaboraci\u00f3n propia.<\/figcaption><\/figure>\n<p>Si exportamos el proyecto, el fichero resultante tendr\u00e1 aplicado el efecto si este est\u00e1 activo.<\/p>\n","protected":false},"excerpt":{"rendered":"<p>Audacity incluye solo unos pocos efectos en tiempo real, los formatos admitidos actualmente son Audio Units solo en macOS, VST3, VST, LV2 y LADSPA. Hay una recopilaci\u00f3n de complementos que funcionan en https:\/\/plugins.audacityteam.org, pero\u00a0se pueden encontrar muchos m\u00e1s a trav\u00e9s de Internet. Para a\u00f1adir efectos en tiempo real haremos clic en el bot\u00f3n de efectos&gt;A\u00f1adir [&hellip;]<\/p>\n","protected":false},"author":2,"featured_media":0,"parent":0,"menu_order":0,"comment_status":"closed","ping_status":"closed","template":"","meta":{"footnotes":""},"acf":[],"_links":{"self":[{"href":"https:\/\/manual-audacity.recursos.uoc.edu\/es\/wp-json\/wp\/v2\/pages\/362"}],"collection":[{"href":"https:\/\/manual-audacity.recursos.uoc.edu\/es\/wp-json\/wp\/v2\/pages"}],"about":[{"href":"https:\/\/manual-audacity.recursos.uoc.edu\/es\/wp-json\/wp\/v2\/types\/page"}],"author":[{"embeddable":true,"href":"https:\/\/manual-audacity.recursos.uoc.edu\/es\/wp-json\/wp\/v2\/users\/2"}],"replies":[{"embeddable":true,"href":"https:\/\/manual-audacity.recursos.uoc.edu\/es\/wp-json\/wp\/v2\/comments?post=362"}],"version-history":[{"count":3,"href":"https:\/\/manual-audacity.recursos.uoc.edu\/es\/wp-json\/wp\/v2\/pages\/362\/revisions"}],"predecessor-version":[{"id":445,"href":"https:\/\/manual-audacity.recursos.uoc.edu\/es\/wp-json\/wp\/v2\/pages\/362\/revisions\/445"}],"wp:attachment":[{"href":"https:\/\/manual-audacity.recursos.uoc.edu\/es\/wp-json\/wp\/v2\/media?parent=362"}],"curies":[{"name":"wp","href":"https:\/\/api.w.org\/{rel}","templated":true}]}}