{"id":316,"date":"2024-01-11T11:44:12","date_gmt":"2024-01-11T09:44:12","guid":{"rendered":"https:\/\/manual-audacity.recursos.uoc.edu\/?page_id=316"},"modified":"2024-01-30T13:11:49","modified_gmt":"2024-01-30T11:11:49","slug":"4-5-pista-de-etiquetas","status":"publish","type":"page","link":"https:\/\/manual-audacity.recursos.uoc.edu\/es\/4-5-pista-de-etiquetas\/","title":{"rendered":"4.5. Pista de etiquetas"},"content":{"rendered":"<p>A veces puede ser \u00fatil identificar diferentes partes de un audio, para ello disponemos de la pista de etiquetas. La activamos a trav\u00e9s del men\u00fa Pistas&gt;Agregar nueva&gt;Pista de etiqueta.<\/p>\n<p>Para crear una etiqueta situamos el cursor y vamos al men\u00fa Editar&gt;Etiquetas&gt;Agregar etiqueta de selecci\u00f3n o con el atajo de teclado Ctrl+B. Tambi\u00e9n podemos crear etiquetas mientras reproducimos el audio con Ctrl+M.<\/p>\n<p>Con TAB abre la siguiente etiqueta para editar y coloca el cursor de edici\u00f3n o la selecci\u00f3n para que corresponda con esa etiqueta. Shift+TAB abre la etiqueta anterior.<\/p>\n<p>Para obtener una etiqueta de regi\u00f3n hacemos clic en uno de los extremos del icono de la etiqueta y arrastramos.<\/p>\n<figure id=\"attachment_317\" aria-describedby=\"caption-attachment-317\" style=\"width: 600px\" class=\"wp-caption alignnone\"><img loading=\"lazy\" decoding=\"async\" class=\"wp-image-317\" src=\"\/wp-content\/uploads\/2024\/01\/imagen-5.16.png\" alt=\"\" width=\"600\" height=\"224\" srcset=\"\/wp-content\/uploads\/2024\/01\/imagen-5.16.png 567w, \/wp-content\/uploads\/2024\/01\/imagen-5.16-300x112.png 300w\" sizes=\"(max-width: 600px) 100vw, 600px\" \/><figcaption id=\"caption-attachment-317\" class=\"wp-caption-text\">Figura 4.16. Pista de etiquetas.<br \/>Fuente: elaboraci\u00f3n propia.<\/figcaption><\/figure>\n<p>&nbsp;<\/p>\n","protected":false},"excerpt":{"rendered":"<p>A veces puede ser \u00fatil identificar diferentes partes de un audio, para ello disponemos de la pista de etiquetas. La activamos a trav\u00e9s del men\u00fa Pistas&gt;Agregar nueva&gt;Pista de etiqueta. Para crear una etiqueta situamos el cursor y vamos al men\u00fa Editar&gt;Etiquetas&gt;Agregar etiqueta de selecci\u00f3n o con el atajo de teclado Ctrl+B. Tambi\u00e9n podemos crear etiquetas [&hellip;]<\/p>\n","protected":false},"author":2,"featured_media":0,"parent":0,"menu_order":0,"comment_status":"closed","ping_status":"closed","template":"","meta":{"footnotes":""},"acf":[],"_links":{"self":[{"href":"https:\/\/manual-audacity.recursos.uoc.edu\/es\/wp-json\/wp\/v2\/pages\/316"}],"collection":[{"href":"https:\/\/manual-audacity.recursos.uoc.edu\/es\/wp-json\/wp\/v2\/pages"}],"about":[{"href":"https:\/\/manual-audacity.recursos.uoc.edu\/es\/wp-json\/wp\/v2\/types\/page"}],"author":[{"embeddable":true,"href":"https:\/\/manual-audacity.recursos.uoc.edu\/es\/wp-json\/wp\/v2\/users\/2"}],"replies":[{"embeddable":true,"href":"https:\/\/manual-audacity.recursos.uoc.edu\/es\/wp-json\/wp\/v2\/comments?post=316"}],"version-history":[{"count":4,"href":"https:\/\/manual-audacity.recursos.uoc.edu\/es\/wp-json\/wp\/v2\/pages\/316\/revisions"}],"predecessor-version":[{"id":447,"href":"https:\/\/manual-audacity.recursos.uoc.edu\/es\/wp-json\/wp\/v2\/pages\/316\/revisions\/447"}],"wp:attachment":[{"href":"https:\/\/manual-audacity.recursos.uoc.edu\/es\/wp-json\/wp\/v2\/media?parent=316"}],"curies":[{"name":"wp","href":"https:\/\/api.w.org\/{rel}","templated":true}]}}