{"id":281,"date":"2024-01-11T11:15:41","date_gmt":"2024-01-11T09:15:41","guid":{"rendered":"https:\/\/manual-audacity.recursos.uoc.edu\/?page_id=281"},"modified":"2024-01-30T13:16:06","modified_gmt":"2024-01-30T11:16:06","slug":"4-1-volver-a-grabar-una-seccion-punch-and-roll","status":"publish","type":"page","link":"https:\/\/manual-audacity.recursos.uoc.edu\/es\/4-1-volver-a-grabar-una-seccion-punch-and-roll\/","title":{"rendered":"4.1. Volver a grabar una secci\u00f3n (<em>Punch and roll<\/em>)"},"content":{"rendered":"<p>Al grabar una locuci\u00f3n es f\u00e1cil que se produzcan errores, una manera de solucionarlos es parar la grabaci\u00f3n, situar el cursor en un punto anterior al error y aplicar el \u00abPunch and roll\u00bb a trav\u00e9s del men\u00fa Reproducci\u00f3n&gt;Grabaci\u00f3n&gt;Grabaci\u00f3n Punch and roll.<\/p>\n<p>Al iniciar la grabaci\u00f3n \u00abPunch en roll\u00bb, se reproduce la grabaci\u00f3n 5 segundos antes (valor por defecto) hasta la posici\u00f3n del cursor. Esto nos ayudar\u00e1 a encontrar el ritmo y tono correctos antes de empezar la grabaci\u00f3n, que se iniciar\u00e1 justo en el momento en que llegue al cursor. A partir de este punto la nueva grabaci\u00f3n sustituir\u00e1 al audio que hab\u00eda previamente.<\/p>\n<p>Tal como vemos en la imagen, el resultado de la nueva grabaci\u00f3n queda en un nuevo clip.<\/p>\n<figure id=\"attachment_148\" aria-describedby=\"caption-attachment-148\" style=\"width: 640px\" class=\"wp-caption alignnone\"><img loading=\"lazy\" decoding=\"async\" class=\"wp-image-148\" src=\"\/wp-content\/uploads\/2024\/01\/imagen-5.1.png\" alt=\"\" width=\"640\" height=\"289\" srcset=\"\/wp-content\/uploads\/2024\/01\/imagen-5.1.png 567w, \/wp-content\/uploads\/2024\/01\/imagen-5.1-300x135.png 300w\" sizes=\"(max-width: 640px) 100vw, 640px\" \/><figcaption id=\"caption-attachment-148\" class=\"wp-caption-text\">Figura 4.1. Divisi\u00f3n en dos clips despu\u00e9s de aplicar \u00abPunch and roll\u00bb.<br \/>Fuente: elaboraci\u00f3n propia.<\/figcaption><\/figure>\n<p>El valor del tiempo de reproducci\u00f3n antes de la grabaci\u00f3n se puede configurar en Editar&gt;Preferencias&gt;Grabaci\u00f3n.<\/p>\n<figure id=\"attachment_150\" aria-describedby=\"caption-attachment-150\" style=\"width: 640px\" class=\"wp-caption alignnone\"><img loading=\"lazy\" decoding=\"async\" class=\"wp-image-150\" src=\"\/wp-content\/uploads\/2024\/01\/imagen-5.2.png\" alt=\"\" width=\"640\" height=\"396\" srcset=\"\/wp-content\/uploads\/2024\/01\/imagen-5.2.png 567w, \/wp-content\/uploads\/2024\/01\/imagen-5.2-300x186.png 300w\" sizes=\"(max-width: 640px) 100vw, 640px\" \/><figcaption id=\"caption-attachment-150\" class=\"wp-caption-text\">Figura 4.2. Configuraci\u00f3n en \u00abPreferencias\u00bb de \u00abGrabaci\u00f3n Punch and Roll\u00bb.<br \/>Fuente: elaboraci\u00f3n propia.<\/figcaption><\/figure>\n","protected":false},"excerpt":{"rendered":"<p>Al grabar una locuci\u00f3n es f\u00e1cil que se produzcan errores, una manera de solucionarlos es parar la grabaci\u00f3n, situar el cursor en un punto anterior al error y aplicar el \u00abPunch and roll\u00bb a trav\u00e9s del men\u00fa Reproducci\u00f3n&gt;Grabaci\u00f3n&gt;Grabaci\u00f3n Punch and roll. Al iniciar la grabaci\u00f3n \u00abPunch en roll\u00bb, se reproduce la grabaci\u00f3n 5 segundos antes [&hellip;]<\/p>\n","protected":false},"author":2,"featured_media":0,"parent":0,"menu_order":0,"comment_status":"closed","ping_status":"closed","template":"","meta":{"footnotes":""},"acf":[],"_links":{"self":[{"href":"https:\/\/manual-audacity.recursos.uoc.edu\/es\/wp-json\/wp\/v2\/pages\/281"}],"collection":[{"href":"https:\/\/manual-audacity.recursos.uoc.edu\/es\/wp-json\/wp\/v2\/pages"}],"about":[{"href":"https:\/\/manual-audacity.recursos.uoc.edu\/es\/wp-json\/wp\/v2\/types\/page"}],"author":[{"embeddable":true,"href":"https:\/\/manual-audacity.recursos.uoc.edu\/es\/wp-json\/wp\/v2\/users\/2"}],"replies":[{"embeddable":true,"href":"https:\/\/manual-audacity.recursos.uoc.edu\/es\/wp-json\/wp\/v2\/comments?post=281"}],"version-history":[{"count":3,"href":"https:\/\/manual-audacity.recursos.uoc.edu\/es\/wp-json\/wp\/v2\/pages\/281\/revisions"}],"predecessor-version":[{"id":452,"href":"https:\/\/manual-audacity.recursos.uoc.edu\/es\/wp-json\/wp\/v2\/pages\/281\/revisions\/452"}],"wp:attachment":[{"href":"https:\/\/manual-audacity.recursos.uoc.edu\/es\/wp-json\/wp\/v2\/media?parent=281"}],"curies":[{"name":"wp","href":"https:\/\/api.w.org\/{rel}","templated":true}]}}