{"id":277,"date":"2024-01-11T11:08:02","date_gmt":"2024-01-11T09:08:02","guid":{"rendered":"https:\/\/manual-audacity.recursos.uoc.edu\/?page_id=277"},"modified":"2024-01-30T13:18:12","modified_gmt":"2024-01-30T11:18:12","slug":"3-6-efecto-normalizar","status":"publish","type":"page","link":"https:\/\/manual-audacity.recursos.uoc.edu\/es\/3-6-efecto-normalizar\/","title":{"rendered":"3.6. Efecto \u00abNormalizar\u00bb"},"content":{"rendered":"<p>La normalizaci\u00f3n lleva el valor m\u00e1ximo de un audio al valor deseado, aplicando una amplificaci\u00f3n positiva o negativa igual en toda la selecci\u00f3n. Para aplicarlo seleccionamos el audio y accedemos a Efecto&gt;Volumen y compresi\u00f3n&gt;Normalizar.<\/p>\n<ul>\n<li>Eliminar el desplazamiento de DC har\u00e1 que nuestro audio est\u00e9 centrado verticalmente.<\/li>\n<li>Normalizar pico de amplitud a, que por defecto se establece en -1,0 dB, es donde podemos indicar cu\u00e1l es el valor de normalizaci\u00f3n deseado.<\/li>\n<li>Normalizar canales est\u00e9reo independientemente, realizar\u00e1 una normalizaci\u00f3n diferente para cada canal en funci\u00f3n del audio contenido.<\/li>\n<\/ul>\n<figure id=\"attachment_146\" aria-describedby=\"caption-attachment-146\" style=\"width: 400px\" class=\"wp-caption alignnone\"><img loading=\"lazy\" decoding=\"async\" class=\"wp-image-146 size-full\" src=\"\/wp-content\/uploads\/2024\/01\/imagen-4.7.png\" alt=\"\" width=\"400\" height=\"167\" srcset=\"\/wp-content\/uploads\/2024\/01\/imagen-4.7.png 400w, \/wp-content\/uploads\/2024\/01\/imagen-4.7-300x125.png 300w\" sizes=\"(max-width: 400px) 100vw, 400px\" \/><figcaption id=\"caption-attachment-146\" class=\"wp-caption-text\">Figura 3.7. Configuraci\u00f3n de \u00abNormalizar\u00bb.<br \/>Fuente: elaboraci\u00f3n propia.<\/figcaption><\/figure>\n","protected":false},"excerpt":{"rendered":"<p>La normalizaci\u00f3n lleva el valor m\u00e1ximo de un audio al valor deseado, aplicando una amplificaci\u00f3n positiva o negativa igual en toda la selecci\u00f3n. Para aplicarlo seleccionamos el audio y accedemos a Efecto&gt;Volumen y compresi\u00f3n&gt;Normalizar. Eliminar el desplazamiento de DC har\u00e1 que nuestro audio est\u00e9 centrado verticalmente. Normalizar pico de amplitud a, que por defecto se [&hellip;]<\/p>\n","protected":false},"author":2,"featured_media":0,"parent":0,"menu_order":0,"comment_status":"closed","ping_status":"closed","template":"","meta":{"footnotes":""},"acf":[],"_links":{"self":[{"href":"https:\/\/manual-audacity.recursos.uoc.edu\/es\/wp-json\/wp\/v2\/pages\/277"}],"collection":[{"href":"https:\/\/manual-audacity.recursos.uoc.edu\/es\/wp-json\/wp\/v2\/pages"}],"about":[{"href":"https:\/\/manual-audacity.recursos.uoc.edu\/es\/wp-json\/wp\/v2\/types\/page"}],"author":[{"embeddable":true,"href":"https:\/\/manual-audacity.recursos.uoc.edu\/es\/wp-json\/wp\/v2\/users\/2"}],"replies":[{"embeddable":true,"href":"https:\/\/manual-audacity.recursos.uoc.edu\/es\/wp-json\/wp\/v2\/comments?post=277"}],"version-history":[{"count":3,"href":"https:\/\/manual-audacity.recursos.uoc.edu\/es\/wp-json\/wp\/v2\/pages\/277\/revisions"}],"predecessor-version":[{"id":456,"href":"https:\/\/manual-audacity.recursos.uoc.edu\/es\/wp-json\/wp\/v2\/pages\/277\/revisions\/456"}],"wp:attachment":[{"href":"https:\/\/manual-audacity.recursos.uoc.edu\/es\/wp-json\/wp\/v2\/media?parent=277"}],"curies":[{"name":"wp","href":"https:\/\/api.w.org\/{rel}","templated":true}]}}