{"id":273,"date":"2024-01-11T11:04:51","date_gmt":"2024-01-11T09:04:51","guid":{"rendered":"https:\/\/manual-audacity.recursos.uoc.edu\/?page_id=273"},"modified":"2024-01-30T13:17:51","modified_gmt":"2024-01-30T11:17:51","slug":"3-5-efecto-compresor","status":"publish","type":"page","link":"https:\/\/manual-audacity.recursos.uoc.edu\/es\/3-5-efecto-compresor\/","title":{"rendered":"3.5. Efecto \u00abCompresor\u00bb"},"content":{"rendered":"<p>La misi\u00f3n del compresor es reducir el rango din\u00e1mico del audio, lo que quiere decir reducir la diferencia entre los picos m\u00e1s altos y los m\u00e1s bajos de una grabaci\u00f3n. Para aplicarlo, seleccionamos la parte del audio que queremos comprimir y accedemos a Efecto&gt;Volumen y compresi\u00f3n&gt;Compresor.<\/p>\n<ul>\n<li>Umbral: determina el valor a partir del cual se efect\u00faa la compresi\u00f3n.<\/li>\n<li>L\u00edmite inferior de ruido: por debajo de este valor el audio no ser\u00e1 modificado.<\/li>\n<li>Proporci\u00f3n: valor de relaci\u00f3n entre la entrada y la salida de la compresi\u00f3n, una compresi\u00f3n de 2 a 1 quiere decir que por cada 2 dB en la entrada resultar\u00e1 solo 1 dB en la salida.<\/li>\n<li>Los tiempos de ataque y decaimiento corresponden al inicio y al final de la comprensi\u00f3n, los valores por defecto de 0,20 segundos y 1 segundo suelen ser correctos.<\/li>\n<\/ul>\n<p>Atenci\u00f3n especial a las dos \u00faltimas opciones, la \u00abComposici\u00f3n de ganancia para cero dB tras compresi\u00f3n\u00bb lo que hace es una normalizaci\u00f3n a 0 dB despu\u00e9s de realizar la compresi\u00f3n. Esto puede no ser siempre deseable.<\/p>\n<p>La \u00abCompresi\u00f3n basada en picos\u00bb cuando no est\u00e1 marcada (opci\u00f3n por defecto) tiene en cuenta el valor promedio RMS del audio resultando una comprensi\u00f3n hacia abajo, haciendo los sonidos m\u00e1s fuertes por encima del umbral m\u00e1s silencioso. Cuando la opci\u00f3n est\u00e1 marcada se aplica una compresi\u00f3n hacia arriba, amplifica m\u00e1s los sonidos d\u00e9biles y menos los sonidos fuertes.<\/p>\n<figure id=\"attachment_144\" aria-describedby=\"caption-attachment-144\" style=\"width: 450px\" class=\"wp-caption alignnone\"><img loading=\"lazy\" decoding=\"async\" class=\"wp-image-144\" src=\"\/wp-content\/uploads\/2024\/01\/imagen-4.6.png\" alt=\"\" width=\"450\" height=\"452\" srcset=\"\/wp-content\/uploads\/2024\/01\/imagen-4.6.png 494w, \/wp-content\/uploads\/2024\/01\/imagen-4.6-300x300.png 300w, \/wp-content\/uploads\/2024\/01\/imagen-4.6-150x150.png 150w\" sizes=\"(max-width: 450px) 100vw, 450px\" \/><figcaption id=\"caption-attachment-144\" class=\"wp-caption-text\">Figura 3.6. Configuraci\u00f3n del \u00abCompresor\u00bb.<br \/>Fuente: elaboraci\u00f3n propia.<\/figcaption><\/figure>\n","protected":false},"excerpt":{"rendered":"<p>La misi\u00f3n del compresor es reducir el rango din\u00e1mico del audio, lo que quiere decir reducir la diferencia entre los picos m\u00e1s altos y los m\u00e1s bajos de una grabaci\u00f3n. Para aplicarlo, seleccionamos la parte del audio que queremos comprimir y accedemos a Efecto&gt;Volumen y compresi\u00f3n&gt;Compresor. Umbral: determina el valor a partir del cual se [&hellip;]<\/p>\n","protected":false},"author":2,"featured_media":0,"parent":0,"menu_order":0,"comment_status":"closed","ping_status":"closed","template":"","meta":{"footnotes":""},"acf":[],"_links":{"self":[{"href":"https:\/\/manual-audacity.recursos.uoc.edu\/es\/wp-json\/wp\/v2\/pages\/273"}],"collection":[{"href":"https:\/\/manual-audacity.recursos.uoc.edu\/es\/wp-json\/wp\/v2\/pages"}],"about":[{"href":"https:\/\/manual-audacity.recursos.uoc.edu\/es\/wp-json\/wp\/v2\/types\/page"}],"author":[{"embeddable":true,"href":"https:\/\/manual-audacity.recursos.uoc.edu\/es\/wp-json\/wp\/v2\/users\/2"}],"replies":[{"embeddable":true,"href":"https:\/\/manual-audacity.recursos.uoc.edu\/es\/wp-json\/wp\/v2\/comments?post=273"}],"version-history":[{"count":2,"href":"https:\/\/manual-audacity.recursos.uoc.edu\/es\/wp-json\/wp\/v2\/pages\/273\/revisions"}],"predecessor-version":[{"id":454,"href":"https:\/\/manual-audacity.recursos.uoc.edu\/es\/wp-json\/wp\/v2\/pages\/273\/revisions\/454"}],"wp:attachment":[{"href":"https:\/\/manual-audacity.recursos.uoc.edu\/es\/wp-json\/wp\/v2\/media?parent=273"}],"curies":[{"name":"wp","href":"https:\/\/api.w.org\/{rel}","templated":true}]}}