{"id":256,"date":"2024-01-10T14:47:50","date_gmt":"2024-01-10T12:47:50","guid":{"rendered":"https:\/\/manual-audacity.recursos.uoc.edu\/?page_id=256"},"modified":"2024-01-30T13:21:58","modified_gmt":"2024-01-30T11:21:58","slug":"2-4-2-exportar-audio","status":"publish","type":"page","link":"https:\/\/manual-audacity.recursos.uoc.edu\/es\/2-4-2-exportar-audio\/","title":{"rendered":"2.4.2. Exportar audio"},"content":{"rendered":"<p>Para exportar un proyecto a un archivo de audio se utiliza el men\u00fa Archivo&gt;Exportar. El audio se puede exportar a diferentes formatos como MP3, WAV, OGG y otros.<\/p>\n<figure id=\"attachment_123\" aria-describedby=\"caption-attachment-123\" style=\"width: 640px\" class=\"wp-caption alignnone\"><img loading=\"lazy\" decoding=\"async\" class=\"wp-image-123\" src=\"\/wp-content\/uploads\/2024\/01\/imagen-3.16.png\" alt=\"\" width=\"640\" height=\"333\" srcset=\"\/wp-content\/uploads\/2024\/01\/imagen-3.16.png 624w, \/wp-content\/uploads\/2024\/01\/imagen-3.16-300x156.png 300w\" sizes=\"(max-width: 640px) 100vw, 640px\" \/><figcaption id=\"caption-attachment-123\" class=\"wp-caption-text\">Figura 2.16. Men\u00fa Archivo&gt;Exportar.<br \/>Fuente: elaboraci\u00f3n propia.<\/figcaption><\/figure>\n<h4><strong>Exportar como MP3<\/strong><\/h4>\n<p>La velocidad de transferencia la podemos seleccionar entre una serie de valores predefinidos. Podemos decidir que sea variable y escoger entre diferentes rangos: intermedio, que nos propone una calidad de 192 kbps, o constante, en la que podemos seleccionar desde 8 kbps hasta 320 kbps, siendo estos valores los reflejados en el apartado calidad.<\/p>\n<p>\u00abModo de canal\u00bb nos permite escoger entre un est\u00e9reo unido, esto reducir\u00e1 la separaci\u00f3n est\u00e9reo entre los dos canales para una codificaci\u00f3n m\u00e1s eficiente; \u00abEst\u00e9reo\u00bb donde las se\u00f1ales del canal izquierdo y derecho se codifican de forma independiente y \u00abForzar a exportaci\u00f3n a mono\u00bb mezcl\u00e1ndose a mono si el contenido que exportamos es est\u00e9reo.<\/p>\n<figure id=\"attachment_125\" aria-describedby=\"caption-attachment-125\" style=\"width: 640px\" class=\"wp-caption alignnone\"><img loading=\"lazy\" decoding=\"async\" class=\"wp-image-125\" src=\"\/wp-content\/uploads\/2024\/01\/imagen-3.17.png\" alt=\"\" width=\"640\" height=\"173\" srcset=\"\/wp-content\/uploads\/2024\/01\/imagen-3.17.png 593w, \/wp-content\/uploads\/2024\/01\/imagen-3.17-300x81.png 300w\" sizes=\"(max-width: 640px) 100vw, 640px\" \/><figcaption id=\"caption-attachment-125\" class=\"wp-caption-text\">Figura 2.17. Configuraci\u00f3n de exportaci\u00f3n MP3.<br \/>Fuente: elaboraci\u00f3n propia.<\/figcaption><\/figure>\n<p>Despu\u00e9s podremos introducir los metadatos que creamos oportunos.<\/p>\n<figure id=\"attachment_127\" aria-describedby=\"caption-attachment-127\" style=\"width: 640px\" class=\"wp-caption alignnone\"><img loading=\"lazy\" decoding=\"async\" class=\"wp-image-127\" src=\"\/wp-content\/uploads\/2024\/01\/imagen-3.18.png\" alt=\"\" width=\"640\" height=\"427\" srcset=\"\/wp-content\/uploads\/2024\/01\/imagen-3.18.png 611w, \/wp-content\/uploads\/2024\/01\/imagen-3.18-300x200.png 300w\" sizes=\"(max-width: 640px) 100vw, 640px\" \/><figcaption id=\"caption-attachment-127\" class=\"wp-caption-text\">Figura 2.18. Introducci\u00f3n de metadatos.<br \/>Fuente: elaboraci\u00f3n propia.<\/figcaption><\/figure>\n<h4><strong>Exportar como WAV<\/strong><\/h4>\n<p>Existen varias opciones de codificaci\u00f3n, por defecto se exporta a 16 bits PCM que coincide con los CD de audio y, por tanto, es una buena configuraci\u00f3n de alta calidad para prop\u00f3sitos generales.<\/p>\n<p>La codificaci\u00f3n de 32 bits con coma flotante es la recomendada para el procesamiento de audio y es la configuraci\u00f3n predeterminada en los proyectos de Audacity. Este formato fue dise\u00f1ado para evitar la distorsi\u00f3n digital y su elevado rango din\u00e1mico permite recuperar aquellos audios que, despu\u00e9s de cualquier procesamiento, superan los 0 dB.<\/p>\n<figure id=\"attachment_129\" aria-describedby=\"caption-attachment-129\" style=\"width: 350px\" class=\"wp-caption alignnone\"><img loading=\"lazy\" decoding=\"async\" class=\"wp-image-129\" src=\"\/wp-content\/uploads\/2024\/01\/imagen-3.19.png\" alt=\"\" width=\"350\" height=\"337\" \/><figcaption id=\"caption-attachment-129\" class=\"wp-caption-text\">Figura 2.19. Opciones de codificaci\u00f3n para el formato WAV.<br \/>Fuente: elaboraci\u00f3n propia.<\/figcaption><\/figure>\n<h4><strong>Exportar a otros formatos<\/strong><\/h4>\n<p>Aparte de WAV y MP3, disponemos de otros formatos de exportaci\u00f3n, algunos disponibles al haber instalado la biblioteca FFmpeg que pod\u00e9is ver en la lista siguiente, cada uno con sus caracter\u00edsticas.<\/p>\n<figure id=\"attachment_132\" aria-describedby=\"caption-attachment-132\" style=\"width: 350px\" class=\"wp-caption alignnone\"><img loading=\"lazy\" decoding=\"async\" class=\"wp-image-132\" src=\"\/wp-content\/uploads\/2024\/01\/imagen-3.20.png\" alt=\"\" width=\"350\" height=\"233\" \/><figcaption id=\"caption-attachment-132\" class=\"wp-caption-text\">Figura 2.20. Formatos posibles de exportaci\u00f3n.<br \/>Fuente: elaboraci\u00f3n propia.<\/figcaption><\/figure>\n<p>Si escogemos \u00abOtros archivos sin comprimir\u00bb, la lista se ampl\u00eda con los siguientes formatos.<\/p>\n<figure id=\"attachment_425\" aria-describedby=\"caption-attachment-425\" style=\"width: 250px\" class=\"wp-caption alignnone\"><img loading=\"lazy\" decoding=\"async\" class=\"wp-image-425\" src=\"\/wp-content\/uploads\/2024\/01\/imagen-3.21.png\" alt=\"\" width=\"250\" height=\"473\" \/><figcaption id=\"caption-attachment-425\" class=\"wp-caption-text\">Figura 2.21. Lista de formatos sin comprimir.<br \/>Fuente: elaboraci\u00f3n propia.<\/figcaption><\/figure>\n<p>&nbsp;<\/p>\n","protected":false},"excerpt":{"rendered":"<p>Para exportar un proyecto a un archivo de audio se utiliza el men\u00fa Archivo&gt;Exportar. El audio se puede exportar a diferentes formatos como MP3, WAV, OGG y otros. Exportar como MP3 La velocidad de transferencia la podemos seleccionar entre una serie de valores predefinidos. Podemos decidir que sea variable y escoger entre diferentes rangos: intermedio, [&hellip;]<\/p>\n","protected":false},"author":2,"featured_media":0,"parent":0,"menu_order":0,"comment_status":"closed","ping_status":"closed","template":"","meta":{"footnotes":""},"acf":[],"_links":{"self":[{"href":"https:\/\/manual-audacity.recursos.uoc.edu\/es\/wp-json\/wp\/v2\/pages\/256"}],"collection":[{"href":"https:\/\/manual-audacity.recursos.uoc.edu\/es\/wp-json\/wp\/v2\/pages"}],"about":[{"href":"https:\/\/manual-audacity.recursos.uoc.edu\/es\/wp-json\/wp\/v2\/types\/page"}],"author":[{"embeddable":true,"href":"https:\/\/manual-audacity.recursos.uoc.edu\/es\/wp-json\/wp\/v2\/users\/2"}],"replies":[{"embeddable":true,"href":"https:\/\/manual-audacity.recursos.uoc.edu\/es\/wp-json\/wp\/v2\/comments?post=256"}],"version-history":[{"count":6,"href":"https:\/\/manual-audacity.recursos.uoc.edu\/es\/wp-json\/wp\/v2\/pages\/256\/revisions"}],"predecessor-version":[{"id":461,"href":"https:\/\/manual-audacity.recursos.uoc.edu\/es\/wp-json\/wp\/v2\/pages\/256\/revisions\/461"}],"wp:attachment":[{"href":"https:\/\/manual-audacity.recursos.uoc.edu\/es\/wp-json\/wp\/v2\/media?parent=256"}],"curies":[{"name":"wp","href":"https:\/\/api.w.org\/{rel}","templated":true}]}}