{"id":232,"date":"2024-01-10T14:15:19","date_gmt":"2024-01-10T12:15:19","guid":{"rendered":"https:\/\/manual-audacity.recursos.uoc.edu\/?page_id=232"},"modified":"2024-01-30T13:29:09","modified_gmt":"2024-01-30T11:29:09","slug":"2-3-1-introduccion","status":"publish","type":"page","link":"https:\/\/manual-audacity.recursos.uoc.edu\/es\/2-3-1-introduccion\/","title":{"rendered":"2.3.1. Introducci\u00f3n"},"content":{"rendered":"<p>Para comenzar a editar necesitamos alg\u00fan tipo de sonido, lo podemos grabar como se ha explicado anteriormente o podemos importar un archivo existente en diferentes formatos simplemente arrastr\u00e1ndolo y solt\u00e1ndolo en la ventana del proyecto o a trav\u00e9s del men\u00fa Archivo&gt;Importar. Obtendremos algo parecido a lo siguiente:<\/p>\n<figure id=\"attachment_423\" aria-describedby=\"caption-attachment-423\" style=\"width: 821px\" class=\"wp-caption alignnone\"><img loading=\"lazy\" decoding=\"async\" class=\"wp-image-423\" src=\"\/wp-content\/uploads\/2024\/01\/imagen-3.9-1-1024x621.png\" alt=\"\" width=\"821\" height=\"490\" \/><figcaption id=\"caption-attachment-423\" class=\"wp-caption-text\">Figura 2.9. Interfaz completa de Audacity.<br \/>Fuente: elaboraci\u00f3n propia.<\/figcaption><\/figure>\n<p>&nbsp;<\/p>\n","protected":false},"excerpt":{"rendered":"<p>Para comenzar a editar necesitamos alg\u00fan tipo de sonido, lo podemos grabar como se ha explicado anteriormente o podemos importar un archivo existente en diferentes formatos simplemente arrastr\u00e1ndolo y solt\u00e1ndolo en la ventana del proyecto o a trav\u00e9s del men\u00fa Archivo&gt;Importar. Obtendremos algo parecido a lo siguiente: &nbsp;<\/p>\n","protected":false},"author":2,"featured_media":0,"parent":0,"menu_order":0,"comment_status":"closed","ping_status":"closed","template":"","meta":{"footnotes":""},"acf":[],"_links":{"self":[{"href":"https:\/\/manual-audacity.recursos.uoc.edu\/es\/wp-json\/wp\/v2\/pages\/232"}],"collection":[{"href":"https:\/\/manual-audacity.recursos.uoc.edu\/es\/wp-json\/wp\/v2\/pages"}],"about":[{"href":"https:\/\/manual-audacity.recursos.uoc.edu\/es\/wp-json\/wp\/v2\/types\/page"}],"author":[{"embeddable":true,"href":"https:\/\/manual-audacity.recursos.uoc.edu\/es\/wp-json\/wp\/v2\/users\/2"}],"replies":[{"embeddable":true,"href":"https:\/\/manual-audacity.recursos.uoc.edu\/es\/wp-json\/wp\/v2\/comments?post=232"}],"version-history":[{"count":5,"href":"https:\/\/manual-audacity.recursos.uoc.edu\/es\/wp-json\/wp\/v2\/pages\/232\/revisions"}],"predecessor-version":[{"id":470,"href":"https:\/\/manual-audacity.recursos.uoc.edu\/es\/wp-json\/wp\/v2\/pages\/232\/revisions\/470"}],"wp:attachment":[{"href":"https:\/\/manual-audacity.recursos.uoc.edu\/es\/wp-json\/wp\/v2\/media?parent=232"}],"curies":[{"name":"wp","href":"https:\/\/api.w.org\/{rel}","templated":true}]}}