{"id":228,"date":"2024-01-10T14:09:20","date_gmt":"2024-01-10T12:09:20","guid":{"rendered":"https:\/\/manual-audacity.recursos.uoc.edu\/?page_id=228"},"modified":"2024-01-30T13:29:19","modified_gmt":"2024-01-30T11:29:19","slug":"2-2-grabacion-de-audio-de-escritorio","status":"publish","type":"page","link":"https:\/\/manual-audacity.recursos.uoc.edu\/es\/2-2-grabacion-de-audio-de-escritorio\/","title":{"rendered":"2.2. Grabaci\u00f3n de audio de escritorio"},"content":{"rendered":"<p>En \u00abConfiguraci\u00f3n de audio\u00bb seleccionaremos \u00abWindows WASAPI\u00bb como servidor.<\/p>\n<figure id=\"attachment_105\" aria-describedby=\"caption-attachment-105\" style=\"width: 450px\" class=\"wp-caption alignnone\"><img loading=\"lazy\" decoding=\"async\" class=\"wp-image-105\" src=\"\/wp-content\/uploads\/2024\/01\/imagen-3.7.png\" alt=\"\" width=\"450\" height=\"198\" srcset=\"\/wp-content\/uploads\/2024\/01\/imagen-3.7.png 476w, \/wp-content\/uploads\/2024\/01\/imagen-3.7-300x132.png 300w\" sizes=\"(max-width: 450px) 100vw, 450px\" \/><figcaption id=\"caption-attachment-105\" class=\"wp-caption-text\">Figura 2.7. Selecci\u00f3n del servidor Windows WASAPI.<br \/>Fuente: elaboraci\u00f3n propia.<\/figcaption><\/figure>\n<p>En los dispositivos de reproducci\u00f3n seleccionamos el dispositivo que estamos usando para escuchar como entrada. Este debe ser uno de los que lleva despu\u00e9s de su nombre la etiqueta (<em>loopback<\/em>).<\/p>\n<figure id=\"attachment_107\" aria-describedby=\"caption-attachment-107\" style=\"width: 721px\" class=\"wp-caption alignnone\"><img loading=\"lazy\" decoding=\"async\" class=\"wp-image-107\" src=\"\/wp-content\/uploads\/2024\/01\/imagen-3.8.png\" alt=\"\" width=\"721\" height=\"252\" \/><figcaption id=\"caption-attachment-107\" class=\"wp-caption-text\">Figura 2.8. Selecci\u00f3n de dispositivos de grabaci\u00f3n <em>loopback<\/em>.<br \/>Fuente: elaboraci\u00f3n propia.<\/figcaption><\/figure>\n<p>Al grabar el audio de escritorio se grabar\u00e1 todo lo que escuche en el dispositivo seleccionado, tambi\u00e9n los sonidos del propio sistema operativo. En algunos casos puede ser necesario desactivarlos.<\/p>\n","protected":false},"excerpt":{"rendered":"<p>En \u00abConfiguraci\u00f3n de audio\u00bb seleccionaremos \u00abWindows WASAPI\u00bb como servidor. En los dispositivos de reproducci\u00f3n seleccionamos el dispositivo que estamos usando para escuchar como entrada. Este debe ser uno de los que lleva despu\u00e9s de su nombre la etiqueta (loopback). Al grabar el audio de escritorio se grabar\u00e1 todo lo que escuche en el dispositivo seleccionado, [&hellip;]<\/p>\n","protected":false},"author":2,"featured_media":0,"parent":0,"menu_order":0,"comment_status":"closed","ping_status":"closed","template":"","meta":{"footnotes":""},"acf":[],"_links":{"self":[{"href":"https:\/\/manual-audacity.recursos.uoc.edu\/es\/wp-json\/wp\/v2\/pages\/228"}],"collection":[{"href":"https:\/\/manual-audacity.recursos.uoc.edu\/es\/wp-json\/wp\/v2\/pages"}],"about":[{"href":"https:\/\/manual-audacity.recursos.uoc.edu\/es\/wp-json\/wp\/v2\/types\/page"}],"author":[{"embeddable":true,"href":"https:\/\/manual-audacity.recursos.uoc.edu\/es\/wp-json\/wp\/v2\/users\/2"}],"replies":[{"embeddable":true,"href":"https:\/\/manual-audacity.recursos.uoc.edu\/es\/wp-json\/wp\/v2\/comments?post=228"}],"version-history":[{"count":3,"href":"https:\/\/manual-audacity.recursos.uoc.edu\/es\/wp-json\/wp\/v2\/pages\/228\/revisions"}],"predecessor-version":[{"id":472,"href":"https:\/\/manual-audacity.recursos.uoc.edu\/es\/wp-json\/wp\/v2\/pages\/228\/revisions\/472"}],"wp:attachment":[{"href":"https:\/\/manual-audacity.recursos.uoc.edu\/es\/wp-json\/wp\/v2\/media?parent=228"}],"curies":[{"name":"wp","href":"https:\/\/api.w.org\/{rel}","templated":true}]}}