{"id":215,"date":"2024-01-10T14:00:38","date_gmt":"2024-01-10T12:00:38","guid":{"rendered":"https:\/\/manual-audacity.recursos.uoc.edu\/?page_id=215"},"modified":"2024-01-30T13:32:48","modified_gmt":"2024-01-30T11:32:48","slug":"2-1-microfono-y-grabacion-de-la-voz","status":"publish","type":"page","link":"https:\/\/manual-audacity.recursos.uoc.edu\/es\/2-1-microfono-y-grabacion-de-la-voz\/","title":{"rendered":"2.1. Micr\u00f3fono y grabaci\u00f3n de la voz"},"content":{"rendered":"<p>Conectamos el micr\u00f3fono a nuestro ordenador, esto se hace habitualmente a trav\u00e9s de:<\/p>\n<ul>\n<li>Si ten\u00e9is un micr\u00f3fono USB, conect\u00e1ndolo a un puerto USB.<\/li>\n<li>Si ten\u00e9is un micr\u00f3fono con un conector de 3,5 mm, conectarlo a un puerto de entrada de micr\u00f3fono.<\/li>\n<li>Si ten\u00e9is un micr\u00f3fono XLR, lo pod\u00e9is conectar a una interfaz de audio XLR-USB o una mesa de mezclas USB y esta, al puerto USB.<\/li>\n<\/ul>\n<p>A trav\u00e9s del bot\u00f3n \u00abConfiguraci\u00f3n de audio\u00bb en dispositivos de grabaci\u00f3n, seleccionaremos nuestro micr\u00f3fono.<\/p>\n<figure id=\"attachment_419\" aria-describedby=\"caption-attachment-419\" style=\"width: 430px\" class=\"wp-caption alignnone\"><img loading=\"lazy\" decoding=\"async\" class=\"wp-image-419\" src=\"\/wp-content\/uploads\/2024\/01\/imagen-3.1.png\" alt=\"\" width=\"430\" height=\"163\" srcset=\"\/wp-content\/uploads\/2024\/01\/imagen-3.1.png 556w, \/wp-content\/uploads\/2024\/01\/imagen-3.1-300x114.png 300w\" sizes=\"(max-width: 430px) 100vw, 430px\" \/><figcaption id=\"caption-attachment-419\" class=\"wp-caption-text\">Figura 2.1. Selecci\u00f3n del \u00abDispositivo de grabaci\u00f3n\u00bb.<br \/>Fuente: elaboraci\u00f3n propia.<\/figcaption><\/figure>\n<p>Tambi\u00e9n a trav\u00e9s del bot\u00f3n configuraci\u00f3n de audio en canales de grabaci\u00f3n podremos seleccionar mono o est\u00e9reo.<\/p>\n<figure id=\"attachment_421\" aria-describedby=\"caption-attachment-421\" style=\"width: 430px\" class=\"wp-caption alignnone\"><img loading=\"lazy\" decoding=\"async\" class=\"wp-image-421\" src=\"\/wp-content\/uploads\/2024\/01\/imagen-3.2.png\" alt=\"\" width=\"430\" height=\"163\" srcset=\"\/wp-content\/uploads\/2024\/01\/imagen-3.2.png 558w, \/wp-content\/uploads\/2024\/01\/imagen-3.2-300x114.png 300w\" sizes=\"(max-width: 430px) 100vw, 430px\" \/><figcaption id=\"caption-attachment-421\" class=\"wp-caption-text\">Figura 2.2. Selecci\u00f3n de \u00abCanales de grabaci\u00f3n\u00bb.<br \/>Fuente: elaboraci\u00f3n propia.<\/figcaption><\/figure>\n<p>Habitualmente utilizaremos como servidor para la grabaci\u00f3n de un micr\u00f3fono conectado a nuestro ordenador, MME o Windows DirectSound.<\/p>\n<figure id=\"attachment_222\" aria-describedby=\"caption-attachment-222\" style=\"width: 430px\" class=\"wp-caption alignnone\"><img loading=\"lazy\" decoding=\"async\" class=\"wp-image-222\" src=\"\/wp-content\/uploads\/2024\/01\/2.3.imagen.jpg\" alt=\"\" width=\"430\" height=\"189\" srcset=\"\/wp-content\/uploads\/2024\/01\/2.3.imagen.jpg 560w, \/wp-content\/uploads\/2024\/01\/2.3.imagen-300x132.jpg 300w\" sizes=\"(max-width: 430px) 100vw, 430px\" \/><figcaption id=\"caption-attachment-222\" class=\"wp-caption-text\">Figura 2.3. Selecci\u00f3n del servidor.<br \/>Fuente: elaboraci\u00f3n propia.<\/figcaption><\/figure>\n<p>Para comprobar que el audio del micr\u00f3fono es correcto activamos la monitorizaci\u00f3n presionando el bot\u00f3n del micr\u00f3fono en el medidor de grabaci\u00f3n.<\/p>\n<figure id=\"attachment_99\" aria-describedby=\"caption-attachment-99\" style=\"width: 430px\" class=\"wp-caption alignnone\"><img loading=\"lazy\" decoding=\"async\" class=\"wp-image-99\" src=\"\/wp-content\/uploads\/2024\/01\/imagen-3.4.png\" alt=\"\" width=\"430\" height=\"125\" \/><figcaption id=\"caption-attachment-99\" class=\"wp-caption-text\">Figura 2.4. Men\u00fa contextual en el medidor de grabaci\u00f3n.<br \/>Fuente: elaboraci\u00f3n propia.<\/figcaption><\/figure>\n<p>Los niveles de grabaci\u00f3n y reproducci\u00f3n se pueden configurar usando los controles deslizantes en las barras de herramientas del medidor de grabaci\u00f3n y reproducci\u00f3n. El control deslizante con el icono del micr\u00f3fono establece el volumen de grabaci\u00f3n a nivel del sistema. Si el sistema operativo no nos permite esta acci\u00f3n, este control estar\u00e1 inactivo y deberemos cambiarlo en la configuraci\u00f3n de grabaci\u00f3n de audio del sistema.<\/p>\n<figure id=\"attachment_101\" aria-describedby=\"caption-attachment-101\" style=\"width: 430px\" class=\"wp-caption alignnone\"><img loading=\"lazy\" decoding=\"async\" class=\"wp-image-101\" src=\"\/wp-content\/uploads\/2024\/01\/imagen-3.5.png\" alt=\"\" width=\"430\" height=\"83\" \/><figcaption id=\"caption-attachment-101\" class=\"wp-caption-text\">Figura 2.5. Nivel de grabaci\u00f3n y de reproducci\u00f3n.<br \/>Fuente: elaboraci\u00f3n propia.<\/figcaption><\/figure>\n<p>El nivel ideal de grabaci\u00f3n para la voz debe estar entre -6 dB y -3 dB, hay que tener especial cuidado en no llegar al recorte o distorsi\u00f3n. Las l\u00edneas azules verticales indican el nivel de pico m\u00e1ximo alcanzado en ese canal durante la sesi\u00f3n actual.<\/p>\n<figure id=\"attachment_103\" aria-describedby=\"caption-attachment-103\" style=\"width: 430px\" class=\"wp-caption alignnone\"><img loading=\"lazy\" decoding=\"async\" class=\"wp-image-103\" src=\"\/wp-content\/uploads\/2024\/01\/imagen-3.6.png\" alt=\"\" width=\"430\" height=\"91\" \/><figcaption id=\"caption-attachment-103\" class=\"wp-caption-text\">Figura 2.6. Nivel de pico en la sesi\u00f3n.<br \/>Fuente: elaboraci\u00f3n propia.<\/figcaption><\/figure>\n<p>Ahora pod\u00e9is realizar una grabaci\u00f3n de prueba simplemente apretando en el bot\u00f3n con el c\u00edrculo rojo y cuando hay\u00e1is finalizado pod\u00e9is escucharla. Si todo ha ido bien deb\u00e9is escuchar vuestra voz claramente.<\/p>\n","protected":false},"excerpt":{"rendered":"<p>Conectamos el micr\u00f3fono a nuestro ordenador, esto se hace habitualmente a trav\u00e9s de: Si ten\u00e9is un micr\u00f3fono USB, conect\u00e1ndolo a un puerto USB. Si ten\u00e9is un micr\u00f3fono con un conector de 3,5 mm, conectarlo a un puerto de entrada de micr\u00f3fono. Si ten\u00e9is un micr\u00f3fono XLR, lo pod\u00e9is conectar a una interfaz de audio XLR-USB [&hellip;]<\/p>\n","protected":false},"author":2,"featured_media":0,"parent":0,"menu_order":0,"comment_status":"closed","ping_status":"closed","template":"","meta":{"footnotes":""},"acf":[],"_links":{"self":[{"href":"https:\/\/manual-audacity.recursos.uoc.edu\/es\/wp-json\/wp\/v2\/pages\/215"}],"collection":[{"href":"https:\/\/manual-audacity.recursos.uoc.edu\/es\/wp-json\/wp\/v2\/pages"}],"about":[{"href":"https:\/\/manual-audacity.recursos.uoc.edu\/es\/wp-json\/wp\/v2\/types\/page"}],"author":[{"embeddable":true,"href":"https:\/\/manual-audacity.recursos.uoc.edu\/es\/wp-json\/wp\/v2\/users\/2"}],"replies":[{"embeddable":true,"href":"https:\/\/manual-audacity.recursos.uoc.edu\/es\/wp-json\/wp\/v2\/comments?post=215"}],"version-history":[{"count":7,"href":"https:\/\/manual-audacity.recursos.uoc.edu\/es\/wp-json\/wp\/v2\/pages\/215\/revisions"}],"predecessor-version":[{"id":473,"href":"https:\/\/manual-audacity.recursos.uoc.edu\/es\/wp-json\/wp\/v2\/pages\/215\/revisions\/473"}],"wp:attachment":[{"href":"https:\/\/manual-audacity.recursos.uoc.edu\/es\/wp-json\/wp\/v2\/media?parent=215"}],"curies":[{"name":"wp","href":"https:\/\/api.w.org\/{rel}","templated":true}]}}