{"id":211,"date":"2024-01-10T13:46:27","date_gmt":"2024-01-10T11:46:27","guid":{"rendered":"https:\/\/manual-audacity.recursos.uoc.edu\/?page_id=211"},"modified":"2024-01-30T13:32:28","modified_gmt":"2024-01-30T11:32:28","slug":"1-3-14-barra-de-herramientas-reproducir-a-velocidad","status":"publish","type":"page","link":"https:\/\/manual-audacity.recursos.uoc.edu\/es\/1-3-14-barra-de-herramientas-reproducir-a-velocidad\/","title":{"rendered":"1.3.14. Barra de herramientas \u00abReproducir a velocidad\u00bb"},"content":{"rendered":"<p>Esta herramienta permite reproducir o reproducir en bucle el audio a una velocidad m\u00e1s lenta o m\u00e1s r\u00e1pido de lo normal, lo que tambi\u00e9n afecta al tono.<\/p>\n<figure id=\"attachment_97\" aria-describedby=\"caption-attachment-97\" style=\"width: 350px\" class=\"wp-caption alignnone\"><img loading=\"lazy\" decoding=\"async\" class=\"wp-image-97\" src=\"\/wp-content\/uploads\/2024\/01\/imagen-2.22.png\" alt=\"\" width=\"350\" height=\"95\" \/><figcaption id=\"caption-attachment-97\" class=\"wp-caption-text\">Figura 1.22. Barra de herramientas \u00abReproducir a velocidad\u00bb.<br \/>Fuente: elaboraci\u00f3n propia.<\/figcaption><\/figure>\n","protected":false},"excerpt":{"rendered":"<p>Esta herramienta permite reproducir o reproducir en bucle el audio a una velocidad m\u00e1s lenta o m\u00e1s r\u00e1pido de lo normal, lo que tambi\u00e9n afecta al tono.<\/p>\n","protected":false},"author":2,"featured_media":0,"parent":0,"menu_order":0,"comment_status":"closed","ping_status":"closed","template":"","meta":{"footnotes":""},"acf":[],"_links":{"self":[{"href":"https:\/\/manual-audacity.recursos.uoc.edu\/es\/wp-json\/wp\/v2\/pages\/211"}],"collection":[{"href":"https:\/\/manual-audacity.recursos.uoc.edu\/es\/wp-json\/wp\/v2\/pages"}],"about":[{"href":"https:\/\/manual-audacity.recursos.uoc.edu\/es\/wp-json\/wp\/v2\/types\/page"}],"author":[{"embeddable":true,"href":"https:\/\/manual-audacity.recursos.uoc.edu\/es\/wp-json\/wp\/v2\/users\/2"}],"replies":[{"embeddable":true,"href":"https:\/\/manual-audacity.recursos.uoc.edu\/es\/wp-json\/wp\/v2\/comments?post=211"}],"version-history":[{"count":3,"href":"https:\/\/manual-audacity.recursos.uoc.edu\/es\/wp-json\/wp\/v2\/pages\/211\/revisions"}],"predecessor-version":[{"id":475,"href":"https:\/\/manual-audacity.recursos.uoc.edu\/es\/wp-json\/wp\/v2\/pages\/211\/revisions\/475"}],"wp:attachment":[{"href":"https:\/\/manual-audacity.recursos.uoc.edu\/es\/wp-json\/wp\/v2\/media?parent=211"}],"curies":[{"name":"wp","href":"https:\/\/api.w.org\/{rel}","templated":true}]}}