{"id":204,"date":"2024-01-10T13:41:24","date_gmt":"2024-01-10T11:41:24","guid":{"rendered":"https:\/\/manual-audacity.recursos.uoc.edu\/?page_id=204"},"modified":"2024-01-30T13:32:01","modified_gmt":"2024-01-30T11:32:01","slug":"1-3-12-barra-de-herramientas-tiempo","status":"publish","type":"page","link":"https:\/\/manual-audacity.recursos.uoc.edu\/es\/1-3-12-barra-de-herramientas-tiempo\/","title":{"rendered":"1.3.12. Barra de herramientas \u00abTiempo\u00bb."},"content":{"rendered":"<p>Nos indica donde est\u00e1 el cursor en el audio. El formato de hora predeterminado es\u00a0hh:mm:ss.\u00a0Esto se puede cambiar utilizando el men\u00fa contextual disponible al hacer clic en el peque\u00f1o tri\u00e1ngulo negro que apunta hacia abajo, a la derecha de la pantalla de tiempo, o al hacer clic con el bot\u00f3n derecho en la pantalla de tiempo.<\/p>\n<figure id=\"attachment_93\" aria-describedby=\"caption-attachment-93\" style=\"width: 400px\" class=\"wp-caption alignnone\"><img loading=\"lazy\" decoding=\"async\" class=\"wp-image-93\" src=\"\/wp-content\/uploads\/2024\/01\/imagen-2.20.png\" alt=\"\" width=\"400\" height=\"594\" srcset=\"\/wp-content\/uploads\/2024\/01\/imagen-2.20.png 321w, \/wp-content\/uploads\/2024\/01\/imagen-2.20-202x300.png 202w\" sizes=\"(max-width: 400px) 100vw, 400px\" \/><figcaption id=\"caption-attachment-93\" class=\"wp-caption-text\">Figura 1.20. Men\u00fa de la barra de herramientas \u00abTiempo\u00bb.<br \/>Fuente: elaboraci\u00f3n propia.<\/figcaption><\/figure>\n","protected":false},"excerpt":{"rendered":"<p>Nos indica donde est\u00e1 el cursor en el audio. El formato de hora predeterminado es\u00a0hh:mm:ss.\u00a0Esto se puede cambiar utilizando el men\u00fa contextual disponible al hacer clic en el peque\u00f1o tri\u00e1ngulo negro que apunta hacia abajo, a la derecha de la pantalla de tiempo, o al hacer clic con el bot\u00f3n derecho en la pantalla de [&hellip;]<\/p>\n","protected":false},"author":2,"featured_media":0,"parent":0,"menu_order":0,"comment_status":"closed","ping_status":"closed","template":"","meta":{"footnotes":""},"acf":[],"_links":{"self":[{"href":"https:\/\/manual-audacity.recursos.uoc.edu\/es\/wp-json\/wp\/v2\/pages\/204"}],"collection":[{"href":"https:\/\/manual-audacity.recursos.uoc.edu\/es\/wp-json\/wp\/v2\/pages"}],"about":[{"href":"https:\/\/manual-audacity.recursos.uoc.edu\/es\/wp-json\/wp\/v2\/types\/page"}],"author":[{"embeddable":true,"href":"https:\/\/manual-audacity.recursos.uoc.edu\/es\/wp-json\/wp\/v2\/users\/2"}],"replies":[{"embeddable":true,"href":"https:\/\/manual-audacity.recursos.uoc.edu\/es\/wp-json\/wp\/v2\/comments?post=204"}],"version-history":[{"count":3,"href":"https:\/\/manual-audacity.recursos.uoc.edu\/es\/wp-json\/wp\/v2\/pages\/204\/revisions"}],"predecessor-version":[{"id":478,"href":"https:\/\/manual-audacity.recursos.uoc.edu\/es\/wp-json\/wp\/v2\/pages\/204\/revisions\/478"}],"wp:attachment":[{"href":"https:\/\/manual-audacity.recursos.uoc.edu\/es\/wp-json\/wp\/v2\/media?parent=204"}],"curies":[{"name":"wp","href":"https:\/\/api.w.org\/{rel}","templated":true}]}}