{"id":199,"date":"2024-01-10T13:36:44","date_gmt":"2024-01-10T11:36:44","guid":{"rendered":"https:\/\/manual-audacity.recursos.uoc.edu\/?page_id=199"},"modified":"2024-01-30T13:37:51","modified_gmt":"2024-01-30T11:37:51","slug":"1-3-10-linea-de-tiempo-y-forma-de-onda","status":"publish","type":"page","link":"https:\/\/manual-audacity.recursos.uoc.edu\/es\/1-3-10-linea-de-tiempo-y-forma-de-onda\/","title":{"rendered":"1.3.10. L\u00ednea de tiempo y forma de onda"},"content":{"rendered":"<p>En la parte superior de la forma de onda tenemos la l\u00ednea de tiempo que por defecto ser\u00e1 en segundos y minutos. La forma de onda ser\u00e1 una u otra en funci\u00f3n de la escala escogida: lineal, logar\u00edtmica, dB o lineal dB.<\/p>\n<figure id=\"attachment_89\" aria-describedby=\"caption-attachment-89\" style=\"width: 640px\" class=\"wp-caption alignnone\"><img loading=\"lazy\" decoding=\"async\" class=\"wp-image-89\" src=\"\/wp-content\/uploads\/2024\/01\/imagen-2.18.png\" alt=\"\" width=\"640\" height=\"216\" srcset=\"\/wp-content\/uploads\/2024\/01\/imagen-2.18.png 1141w, \/wp-content\/uploads\/2024\/01\/imagen-2.18-300x101.png 300w, \/wp-content\/uploads\/2024\/01\/imagen-2.18-1024x346.png 1024w, \/wp-content\/uploads\/2024\/01\/imagen-2.18-768x259.png 768w\" sizes=\"(max-width: 640px) 100vw, 640px\" \/><figcaption id=\"caption-attachment-89\" class=\"wp-caption-text\">Figura 1.18. L\u00ednea de tiempo y forma de onda.<br \/>Fuente: elaboraci\u00f3n propia.<\/figcaption><\/figure>\n<p>&nbsp;<\/p>\n","protected":false},"excerpt":{"rendered":"<p>En la parte superior de la forma de onda tenemos la l\u00ednea de tiempo que por defecto ser\u00e1 en segundos y minutos. La forma de onda ser\u00e1 una u otra en funci\u00f3n de la escala escogida: lineal, logar\u00edtmica, dB o lineal dB. &nbsp;<\/p>\n","protected":false},"author":2,"featured_media":0,"parent":0,"menu_order":0,"comment_status":"closed","ping_status":"closed","template":"","meta":{"footnotes":""},"acf":[],"_links":{"self":[{"href":"https:\/\/manual-audacity.recursos.uoc.edu\/es\/wp-json\/wp\/v2\/pages\/199"}],"collection":[{"href":"https:\/\/manual-audacity.recursos.uoc.edu\/es\/wp-json\/wp\/v2\/pages"}],"about":[{"href":"https:\/\/manual-audacity.recursos.uoc.edu\/es\/wp-json\/wp\/v2\/types\/page"}],"author":[{"embeddable":true,"href":"https:\/\/manual-audacity.recursos.uoc.edu\/es\/wp-json\/wp\/v2\/users\/2"}],"replies":[{"embeddable":true,"href":"https:\/\/manual-audacity.recursos.uoc.edu\/es\/wp-json\/wp\/v2\/comments?post=199"}],"version-history":[{"count":3,"href":"https:\/\/manual-audacity.recursos.uoc.edu\/es\/wp-json\/wp\/v2\/pages\/199\/revisions"}],"predecessor-version":[{"id":482,"href":"https:\/\/manual-audacity.recursos.uoc.edu\/es\/wp-json\/wp\/v2\/pages\/199\/revisions\/482"}],"wp:attachment":[{"href":"https:\/\/manual-audacity.recursos.uoc.edu\/es\/wp-json\/wp\/v2\/media?parent=199"}],"curies":[{"name":"wp","href":"https:\/\/api.w.org\/{rel}","templated":true}]}}